{"id":13,"date":"2025-04-16T18:56:22","date_gmt":"2025-04-16T18:56:22","guid":{"rendered":"https:\/\/wwwdev.itstil.se\/?page_id=13"},"modified":"2025-06-04T09:58:24","modified_gmt":"2025-06-04T09:58:24","slug":"tjanster","status":"publish","type":"page","link":"https:\/\/wwwdev.itstil.se\/?page_id=13","title":{"rendered":"Tj\u00e4nster"},"content":{"rendered":"\t\t<div data-elementor-type=\"wp-page\" data-elementor-id=\"13\" class=\"elementor elementor-13\" data-elementor-post-type=\"page\">\n\t\t\t\t<div class=\"elementor-element elementor-element-4e1e046c e-flex e-con-boxed e-con e-parent\" data-id=\"4e1e046c\" data-element_type=\"container\" data-settings=\"{&quot;background_background&quot;:&quot;classic&quot;}\">\n\t\t\t\t\t<div class=\"e-con-inner\">\n\t\t\t\t<div class=\"elementor-element elementor-element-44ec68df elementor-widget elementor-widget-heading\" data-id=\"44ec68df\" data-element_type=\"widget\" data-widget_type=\"heading.default\">\n\t\t\t\t<div class=\"elementor-widget-container\">\n\t\t\t\t\t<h1 class=\"elementor-heading-title elementor-size-default\">Tj\u00e4nster som bara funkar \u2013 fr\u00e5n f\u00f6rsta support till f\u00e4rdigt system <\/h1>\t\t\t\t<\/div>\n\t\t\t\t<\/div>\n\t\t\t\t<div class=\"elementor-element elementor-element-12bb37c4 elementor-align-center elementor-widget elementor-widget-button\" data-id=\"12bb37c4\" data-element_type=\"widget\" data-widget_type=\"button.default\">\n\t\t\t\t<div class=\"elementor-widget-container\">\n\t\t\t\t\t\t\t\t\t<div class=\"elementor-button-wrapper\">\n\t\t\t\t\t<a class=\"elementor-button elementor-button-link elementor-size-sm\" href=\"https:\/\/wwwdev.itstil.se\/?page_id=386\">\n\t\t\t\t\t\t<span class=\"elementor-button-content-wrapper\">\n\t\t\t\t\t\t\t\t\t<span class=\"elementor-button-text\">Kontakta oss<\/span>\n\t\t\t\t\t<\/span>\n\t\t\t\t\t<\/a>\n\t\t\t\t<\/div>\n\t\t\t\t\t\t\t\t<\/div>\n\t\t\t\t<\/div>\n\t\t\t\t\t<\/div>\n\t\t\t\t<\/div>\n\t\t<div class=\"elementor-element elementor-element-76636a18 e-con-full e-flex e-con e-parent\" data-id=\"76636a18\" data-element_type=\"container\" data-settings=\"{&quot;background_background&quot;:&quot;classic&quot;}\">\n\t\t\t\t<div class=\"elementor-element elementor-element-3263419d elementor-widget__width-initial elementor-widget elementor-widget-image\" data-id=\"3263419d\" data-element_type=\"widget\" data-widget_type=\"image.default\">\n\t\t\t\t<div class=\"elementor-widget-container\">\n\t\t\t\t\t\t\t\t\t\t\t\t\t\t\t<img fetchpriority=\"high\" decoding=\"async\" width=\"589\" height=\"1024\" src=\"https:\/\/wwwdev.itstil.se\/wp-content\/uploads\/2025\/06\/clientserver.jpeg\" class=\"attachment-full size-full wp-image-565\" alt=\"\" srcset=\"https:\/\/wwwdev.itstil.se\/wp-content\/uploads\/2025\/06\/clientserver.jpeg 589w, https:\/\/wwwdev.itstil.se\/wp-content\/uploads\/2025\/06\/clientserver-173x300.jpeg 173w\" sizes=\"(max-width: 589px) 100vw, 589px\" \/>\t\t\t\t\t\t\t\t\t\t\t\t\t\t\t<\/div>\n\t\t\t\t<\/div>\n\t\t<div class=\"elementor-element elementor-element-15904376 e-con-full e-flex e-con e-child\" data-id=\"15904376\" data-element_type=\"container\">\n\t\t\t\t<div class=\"elementor-element elementor-element-7457f37 elementor-widget elementor-widget-menu-anchor\" data-id=\"7457f37\" data-element_type=\"widget\" data-widget_type=\"menu-anchor.default\">\n\t\t\t\t<div class=\"elementor-widget-container\">\n\t\t\t\t\t\t\t<div class=\"elementor-menu-anchor\" id=\"klientserver\"><\/div>\n\t\t\t\t\t\t<\/div>\n\t\t\t\t<\/div>\n\t\t\t\t<div class=\"elementor-element elementor-element-715fb002 elementor-widget elementor-widget-heading\" data-id=\"715fb002\" data-element_type=\"widget\" data-widget_type=\"heading.default\">\n\t\t\t\t<div class=\"elementor-widget-container\">\n\t\t\t\t\t<h2 class=\"elementor-heading-title elementor-size-default\">Klient- &amp; serversupport<\/h2>\t\t\t\t<\/div>\n\t\t\t\t<\/div>\n\t\t\t\t<div class=\"elementor-element elementor-element-4d05f88b elementor-widget elementor-widget-text-editor\" data-id=\"4d05f88b\" data-element_type=\"widget\" data-widget_type=\"text-editor.default\">\n\t\t\t\t<div class=\"elementor-widget-container\">\n\t\t\t\t\t\t\t\t\t<p>Behovet av att kunna samverka mellan b\u00e5de medarbetare och tredje part \u00e4r centralt i de flesta verksamheter. D\u00e5 v\u00e5ra konsulter \u00e4r fostrade i denna milj\u00f6 kan vi f\u00f6rverkliga en verksamhetsnyttig plattform samt bist\u00e5 med support och underh\u00e5ll av h\u00f6gsta klass. Vi hanterar med god vana likv\u00e4l Microsofts produktserier f\u00f6r b\u00e5de enheter och moln som Apples produkter och plattformar.<\/p>\t\t\t\t\t\t\t\t<\/div>\n\t\t\t\t<\/div>\n\t\t\t\t<\/div>\n\t\t\t\t<\/div>\n\t\t<div class=\"elementor-element elementor-element-b0afd25 e-con-full e-flex e-con e-parent\" data-id=\"b0afd25\" data-element_type=\"container\" data-settings=\"{&quot;background_background&quot;:&quot;classic&quot;}\">\n\t\t<div class=\"elementor-element elementor-element-03c3085 e-con-full e-flex e-con e-child\" data-id=\"03c3085\" data-element_type=\"container\">\n\t\t\t\t<div class=\"elementor-element elementor-element-8ba555e elementor-widget elementor-widget-menu-anchor\" data-id=\"8ba555e\" data-element_type=\"widget\" data-widget_type=\"menu-anchor.default\">\n\t\t\t\t<div class=\"elementor-widget-container\">\n\t\t\t\t\t\t\t<div class=\"elementor-menu-anchor\" id=\"natverk\"><\/div>\n\t\t\t\t\t\t<\/div>\n\t\t\t\t<\/div>\n\t\t\t\t<div class=\"elementor-element elementor-element-ffdeb9a elementor-widget elementor-widget-heading\" data-id=\"ffdeb9a\" data-element_type=\"widget\" data-widget_type=\"heading.default\">\n\t\t\t\t<div class=\"elementor-widget-container\">\n\t\t\t\t\t<h2 class=\"elementor-heading-title elementor-size-default\">N\u00e4tverk<\/h2>\t\t\t\t<\/div>\n\t\t\t\t<\/div>\n\t\t\t\t<div class=\"elementor-element elementor-element-ceb7a83 elementor-widget__width-initial elementor-widget elementor-widget-text-editor\" data-id=\"ceb7a83\" data-element_type=\"widget\" data-widget_type=\"text-editor.default\">\n\t\t\t\t<div class=\"elementor-widget-container\">\n\t\t\t\t\t\t\t\t\t<p>N\u00e4tverk har f\u00f6r\u00e4ndrats fr\u00e5n att vara ett tr\u00e5kigt m\u00e5ste i de flesta verksamheter till ett redskap f\u00f6r att f\u00f6renkla och f\u00f6rb\u00e4ttra medarbetares och bes\u00f6kares vardag. Tillg\u00e4nglighet, flexibilitet och s\u00e4kerhet ska inte l\u00e4ngre vara ledord &#8211; det ska vara ett krav!<\/p>\n<p>I en tid d\u00e4r webbm\u00f6ten och lives\u00e4ndningar \u00e4r vardag f\u00f6r m\u00e5nga g\u00f6r f\u00f6rarbetet inf\u00f6r tr\u00e5dl\u00f6sa n\u00e4tverk \u00e4n mer viktigt. D\u00e4r kan IT-Stils certifierade konsulter med decenniel\u00e5ng erfarenhet titulera sig experter.<\/p>\t\t\t\t\t\t\t\t<\/div>\n\t\t\t\t<\/div>\n\t\t\t\t<\/div>\n\t\t\t\t<div class=\"elementor-element elementor-element-9b9f394 elementor-widget__width-initial elementor-widget elementor-widget-image\" data-id=\"9b9f394\" data-element_type=\"widget\" data-widget_type=\"image.default\">\n\t\t\t\t<div class=\"elementor-widget-container\">\n\t\t\t\t\t\t\t\t\t\t\t\t\t\t\t<img decoding=\"async\" width=\"621\" height=\"1024\" src=\"https:\/\/wwwdev.itstil.se\/wp-content\/uploads\/2025\/06\/network2.jpeg\" class=\"attachment-full size-full wp-image-572\" alt=\"\" srcset=\"https:\/\/wwwdev.itstil.se\/wp-content\/uploads\/2025\/06\/network2.jpeg 621w, https:\/\/wwwdev.itstil.se\/wp-content\/uploads\/2025\/06\/network2-182x300.jpeg 182w\" sizes=\"(max-width: 621px) 100vw, 621px\" \/>\t\t\t\t\t\t\t\t\t\t\t\t\t\t\t<\/div>\n\t\t\t\t<\/div>\n\t\t\t\t<\/div>\n\t\t<div class=\"elementor-element elementor-element-cf1d14d e-con-full e-flex e-con e-parent\" data-id=\"cf1d14d\" data-element_type=\"container\" data-settings=\"{&quot;background_background&quot;:&quot;classic&quot;}\">\n\t\t\t\t<div class=\"elementor-element elementor-element-ced9592 elementor-widget__width-initial elementor-widget elementor-widget-image\" data-id=\"ced9592\" data-element_type=\"widget\" data-widget_type=\"image.default\">\n\t\t\t\t<div class=\"elementor-widget-container\">\n\t\t\t\t\t\t\t\t\t\t\t\t\t\t\t<img decoding=\"async\" width=\"511\" height=\"1024\" src=\"https:\/\/wwwdev.itstil.se\/wp-content\/uploads\/2025\/06\/colo.jpeg\" class=\"attachment-full size-full wp-image-560\" alt=\"\" srcset=\"https:\/\/wwwdev.itstil.se\/wp-content\/uploads\/2025\/06\/colo.jpeg 511w, https:\/\/wwwdev.itstil.se\/wp-content\/uploads\/2025\/06\/colo-150x300.jpeg 150w\" sizes=\"(max-width: 511px) 100vw, 511px\" \/>\t\t\t\t\t\t\t\t\t\t\t\t\t\t\t<\/div>\n\t\t\t\t<\/div>\n\t\t<div class=\"elementor-element elementor-element-82a7830 e-con-full e-flex e-con e-child\" data-id=\"82a7830\" data-element_type=\"container\">\n\t\t\t\t<div class=\"elementor-element elementor-element-12b107a elementor-widget elementor-widget-menu-anchor\" data-id=\"12b107a\" data-element_type=\"widget\" data-widget_type=\"menu-anchor.default\">\n\t\t\t\t<div class=\"elementor-widget-container\">\n\t\t\t\t\t\t\t<div class=\"elementor-menu-anchor\" id=\"colocation-hosting\"><\/div>\n\t\t\t\t\t\t<\/div>\n\t\t\t\t<\/div>\n\t\t\t\t<div class=\"elementor-element elementor-element-6d48244 elementor-widget elementor-widget-heading\" data-id=\"6d48244\" data-element_type=\"widget\" data-widget_type=\"heading.default\">\n\t\t\t\t<div class=\"elementor-widget-container\">\n\t\t\t\t\t<h2 class=\"elementor-heading-title elementor-size-default\">Colocation &amp; hosting<\/h2>\t\t\t\t<\/div>\n\t\t\t\t<\/div>\n\t\t\t\t<div class=\"elementor-element elementor-element-d51de87 elementor-widget elementor-widget-text-editor\" data-id=\"d51de87\" data-element_type=\"widget\" data-widget_type=\"text-editor.default\">\n\t\t\t\t<div class=\"elementor-widget-container\">\n\t\t\t\t\t\t\t\t\t<p>IT-Stil erbjuder sina kunder m\u00f6jligheten att placera sina aff\u00e4rs- och verksamhetssystem i hyrda och f\u00f6rvaltade plattformar d\u00e4r vi ansvarar f\u00f6r att s\u00e4kerhet, tillg\u00e4nglighet och skalbarhet uppr\u00e4tth\u00e5lls. Har Ditt f\u00f6retag egna servrar men har ingen l\u00e4mplig plats att husera dem? Kontakta oss f\u00f6r att ta del av v\u00e5ra f\u00f6rm\u00e5nliga co-locationavtal d\u00e4r du fritt v\u00e4ljer i vilken utstr\u00e4ckning ni hanterar Er plattform.<\/p>\t\t\t\t\t\t\t\t<\/div>\n\t\t\t\t<\/div>\n\t\t\t\t<\/div>\n\t\t\t\t<\/div>\n\t\t<div class=\"elementor-element elementor-element-ea5c5ff e-con-full e-flex e-con e-parent\" data-id=\"ea5c5ff\" data-element_type=\"container\" data-settings=\"{&quot;background_background&quot;:&quot;classic&quot;}\">\n\t\t<div class=\"elementor-element elementor-element-2f6d755 e-con-full e-flex e-con e-child\" data-id=\"2f6d755\" data-element_type=\"container\">\n\t\t\t\t<div class=\"elementor-element elementor-element-dad6f19 elementor-widget elementor-widget-menu-anchor\" data-id=\"dad6f19\" data-element_type=\"widget\" data-widget_type=\"menu-anchor.default\">\n\t\t\t\t<div class=\"elementor-widget-container\">\n\t\t\t\t\t\t\t<div class=\"elementor-menu-anchor\" id=\"Fiber-datanat\"><\/div>\n\t\t\t\t\t\t<\/div>\n\t\t\t\t<\/div>\n\t\t\t\t<div class=\"elementor-element elementor-element-d1fad22 elementor-widget elementor-widget-heading\" data-id=\"d1fad22\" data-element_type=\"widget\" data-widget_type=\"heading.default\">\n\t\t\t\t<div class=\"elementor-widget-container\">\n\t\t\t\t\t<h2 class=\"elementor-heading-title elementor-size-default\">Fiber &amp; datan\u00e4t<\/h2>\t\t\t\t<\/div>\n\t\t\t\t<\/div>\n\t\t\t\t<div class=\"elementor-element elementor-element-4261c57 elementor-widget elementor-widget-text-editor\" data-id=\"4261c57\" data-element_type=\"widget\" data-widget_type=\"text-editor.default\">\n\t\t\t\t<div class=\"elementor-widget-container\">\n\t\t\t\t\t\t\t\t\t<p>Med v\u00e5ra rutinerade och certifierade mont\u00f6rer kan IT-Stil st\u00e5 s\u00e4kra i p\u00e5st\u00e5endet att v\u00e5ra installationer \u00e4r av h\u00f6gsta klass. Med f\u00f6rst\u00e5else f\u00f6r framtida behov utifr\u00e5n Er verksamhet och med ett gott \u00f6ga f\u00f6r estetiska krav har vi levererat fastighetsn\u00e4tverk i s\u00e5v\u00e4l k\u00f6pcentrum som hotell och festivaler.<\/p>\n<p>V\u00e5r personal \u00e4r utbildade fortl\u00f6pande i arbetsmilj\u00f6r\u00e4tt och har n\u00f6dv\u00e4ndiga certifieringar f\u00f6r arbetsredskap s\u00e5som h\u00f6glyftar och industriverktyg.<\/p>\t\t\t\t\t\t\t\t<\/div>\n\t\t\t\t<\/div>\n\t\t\t\t<\/div>\n\t\t\t\t<div class=\"elementor-element elementor-element-9c59021 elementor-widget__width-initial elementor-widget elementor-widget-image\" data-id=\"9c59021\" data-element_type=\"widget\" data-widget_type=\"image.default\">\n\t\t\t\t<div class=\"elementor-widget-container\">\n\t\t\t\t\t\t\t\t\t\t\t\t\t\t\t<img loading=\"lazy\" decoding=\"async\" width=\"526\" height=\"1024\" src=\"https:\/\/wwwdev.itstil.se\/wp-content\/uploads\/2025\/06\/fiber.jpeg\" class=\"attachment-full size-full wp-image-567\" alt=\"\" srcset=\"https:\/\/wwwdev.itstil.se\/wp-content\/uploads\/2025\/06\/fiber.jpeg 526w, https:\/\/wwwdev.itstil.se\/wp-content\/uploads\/2025\/06\/fiber-154x300.jpeg 154w\" sizes=\"(max-width: 526px) 100vw, 526px\" \/>\t\t\t\t\t\t\t\t\t\t\t\t\t\t\t<\/div>\n\t\t\t\t<\/div>\n\t\t\t\t<\/div>\n\t\t<div class=\"elementor-element elementor-element-479ac07 e-con-full e-flex e-con e-parent\" data-id=\"479ac07\" data-element_type=\"container\" data-settings=\"{&quot;background_background&quot;:&quot;classic&quot;}\">\n\t\t\t\t<div class=\"elementor-element elementor-element-64bddfb elementor-widget__width-initial elementor-widget elementor-widget-image\" data-id=\"64bddfb\" data-element_type=\"widget\" data-widget_type=\"image.default\">\n\t\t\t\t<div class=\"elementor-widget-container\">\n\t\t\t\t\t\t\t\t\t\t\t\t\t\t\t<img loading=\"lazy\" decoding=\"async\" width=\"629\" height=\"1024\" src=\"https:\/\/wwwdev.itstil.se\/wp-content\/uploads\/2025\/06\/reseller.jpeg\" class=\"attachment-full size-full wp-image-564\" alt=\"\" srcset=\"https:\/\/wwwdev.itstil.se\/wp-content\/uploads\/2025\/06\/reseller.jpeg 629w, https:\/\/wwwdev.itstil.se\/wp-content\/uploads\/2025\/06\/reseller-184x300.jpeg 184w\" sizes=\"(max-width: 629px) 100vw, 629px\" \/>\t\t\t\t\t\t\t\t\t\t\t\t\t\t\t<\/div>\n\t\t\t\t<\/div>\n\t\t<div class=\"elementor-element elementor-element-f38107a e-con-full e-flex e-con e-child\" data-id=\"f38107a\" data-element_type=\"container\">\n\t\t\t\t<div class=\"elementor-element elementor-element-ea3082a elementor-widget elementor-widget-menu-anchor\" data-id=\"ea3082a\" data-element_type=\"widget\" data-widget_type=\"menu-anchor.default\">\n\t\t\t\t<div class=\"elementor-widget-container\">\n\t\t\t\t\t\t\t<div class=\"elementor-menu-anchor\" id=\"aterforsaljning\"><\/div>\n\t\t\t\t\t\t<\/div>\n\t\t\t\t<\/div>\n\t\t\t\t<div class=\"elementor-element elementor-element-9bf8641 elementor-widget elementor-widget-heading\" data-id=\"9bf8641\" data-element_type=\"widget\" data-widget_type=\"heading.default\">\n\t\t\t\t<div class=\"elementor-widget-container\">\n\t\t\t\t\t<h2 class=\"elementor-heading-title elementor-size-default\">\u00c5terf\u00f6rs\u00e4ljning<\/h2>\t\t\t\t<\/div>\n\t\t\t\t<\/div>\n\t\t\t\t<div class=\"elementor-element elementor-element-8f600dc elementor-widget elementor-widget-text-editor\" data-id=\"8f600dc\" data-element_type=\"widget\" data-widget_type=\"text-editor.default\">\n\t\t\t\t<div class=\"elementor-widget-container\">\n\t\t\t\t\t\t\t\t\t<p data-ccp-props=\"{&quot;335551550&quot;:1,&quot;335551620&quot;:1,&quot;335559683&quot;:0,&quot;335559685&quot;:0,&quot;335559731&quot;:0,&quot;335559737&quot;:0,&quot;335562764&quot;:2,&quot;335562765&quot;:0.9,&quot;335562766&quot;:4,&quot;335562767&quot;:10,&quot;335562768&quot;:4,&quot;335562769&quot;:0}\">Fr\u00e5n Microsoftlicenser till kvittoskrivare och konferenssystem &#8211; genom v\u00e5ra distribut\u00f6rer kan IT-Stil tillhandah\u00e5lla produkter fr\u00e5n tusentals tillverkare och producenter! V\u00e5ra erfarna medarbetare kan \u00e4ven underst\u00f6da Er i besluts- och produktsvalsprocessen att hitta r\u00e4tt produkter f\u00f6r Ert behov och Er verksamhet.<\/p>\t\t\t\t\t\t\t\t<\/div>\n\t\t\t\t<\/div>\n\t\t\t\t<\/div>\n\t\t\t\t<\/div>\n\t\t<div class=\"elementor-element elementor-element-80bcc17 e-con-full e-flex e-con e-parent\" data-id=\"80bcc17\" data-element_type=\"container\" data-settings=\"{&quot;background_background&quot;:&quot;classic&quot;}\">\n\t\t<div class=\"elementor-element elementor-element-c0714c8 e-con-full e-flex e-con e-child\" data-id=\"c0714c8\" data-element_type=\"container\">\n\t\t\t\t<div class=\"elementor-element elementor-element-e39634a elementor-widget elementor-widget-menu-anchor\" data-id=\"e39634a\" data-element_type=\"widget\" data-widget_type=\"menu-anchor.default\">\n\t\t\t\t<div class=\"elementor-widget-container\">\n\t\t\t\t\t\t\t<div class=\"elementor-menu-anchor\" id=\"projektering-radgivning\"><\/div>\n\t\t\t\t\t\t<\/div>\n\t\t\t\t<\/div>\n\t\t\t\t<div class=\"elementor-element elementor-element-3e8d80f elementor-widget elementor-widget-heading\" data-id=\"3e8d80f\" data-element_type=\"widget\" data-widget_type=\"heading.default\">\n\t\t\t\t<div class=\"elementor-widget-container\">\n\t\t\t\t\t<h2 class=\"elementor-heading-title elementor-size-default\">Projektering &amp; r\u00e5dgivning<\/h2>\t\t\t\t<\/div>\n\t\t\t\t<\/div>\n\t\t\t\t<div class=\"elementor-element elementor-element-5dd4c94 elementor-widget elementor-widget-text-editor\" data-id=\"5dd4c94\" data-element_type=\"widget\" data-widget_type=\"text-editor.default\">\n\t\t\t\t<div class=\"elementor-widget-container\">\n\t\t\t\t\t\t\t\t\t<p>F\u00f6r en lyckad projektering av n\u00e4tverk och teknik kr\u00e4vs inte bara en f\u00f6rst\u00e5else f\u00f6r teknologin, en projekt\u00f6r m\u00e5ste \u00e4ven f\u00f6rst\u00e5 aff\u00e4rsverksamheten samt vara inf\u00f6rst\u00e5dd i alla tj\u00e4nsteleverant\u00f6rers nuvarande och framtida behov.<\/p><p>IT-Stil har f\u00e5tt f\u00f6rm\u00e5nen att projektera f\u00f6r n\u00e4tverk, server- och klient, reservkraft samt kyla f\u00f6r en rad av Sveriges k\u00e4ndaste landm\u00e4rken.<\/p>\t\t\t\t\t\t\t\t<\/div>\n\t\t\t\t<\/div>\n\t\t\t\t<\/div>\n\t\t\t\t<div class=\"elementor-element elementor-element-5b89f67 elementor-widget__width-initial elementor-widget elementor-widget-image\" data-id=\"5b89f67\" data-element_type=\"widget\" data-widget_type=\"image.default\">\n\t\t\t\t<div class=\"elementor-widget-container\">\n\t\t\t\t\t\t\t\t\t\t\t\t\t\t\t<img loading=\"lazy\" decoding=\"async\" width=\"675\" height=\"1023\" src=\"https:\/\/wwwdev.itstil.se\/wp-content\/uploads\/2025\/06\/projecting.jpeg\" class=\"attachment-full size-full wp-image-573\" alt=\"\" srcset=\"https:\/\/wwwdev.itstil.se\/wp-content\/uploads\/2025\/06\/projecting.jpeg 675w, https:\/\/wwwdev.itstil.se\/wp-content\/uploads\/2025\/06\/projecting-198x300.jpeg 198w\" sizes=\"(max-width: 675px) 100vw, 675px\" \/>\t\t\t\t\t\t\t\t\t\t\t\t\t\t\t<\/div>\n\t\t\t\t<\/div>\n\t\t\t\t<\/div>\n\t\t\t\t<\/div>\n\t\t","protected":false},"excerpt":{"rendered":"<p>Tj\u00e4nster som bara funkar \u2013 fr\u00e5n f\u00f6rsta support till f\u00e4rdigt system Kontakta oss Klient- &amp; serversupport Behovet av att kunna samverka mellan b\u00e5de medarbetare och tredje part \u00e4r centralt i de flesta verksamheter. D\u00e5 v\u00e5ra konsulter \u00e4r fostrade i denna milj\u00f6 kan vi f\u00f6rverkliga en verksamhetsnyttig plattform samt bist\u00e5 med support och underh\u00e5ll av h\u00f6gsta&#8230;<\/p>\n","protected":false},"author":1,"featured_media":0,"parent":0,"menu_order":0,"comment_status":"closed","ping_status":"closed","template":"","meta":{"footnotes":""},"class_list":["post-13","page","type-page","status-publish","hentry","page--item"],"_links":{"self":[{"href":"https:\/\/wwwdev.itstil.se\/index.php?rest_route=\/wp\/v2\/pages\/13","targetHints":{"allow":["GET"]}}],"collection":[{"href":"https:\/\/wwwdev.itstil.se\/index.php?rest_route=\/wp\/v2\/pages"}],"about":[{"href":"https:\/\/wwwdev.itstil.se\/index.php?rest_route=\/wp\/v2\/types\/page"}],"author":[{"embeddable":true,"href":"https:\/\/wwwdev.itstil.se\/index.php?rest_route=\/wp\/v2\/users\/1"}],"replies":[{"embeddable":true,"href":"https:\/\/wwwdev.itstil.se\/index.php?rest_route=%2Fwp%2Fv2%2Fcomments&post=13"}],"version-history":[{"count":46,"href":"https:\/\/wwwdev.itstil.se\/index.php?rest_route=\/wp\/v2\/pages\/13\/revisions"}],"predecessor-version":[{"id":576,"href":"https:\/\/wwwdev.itstil.se\/index.php?rest_route=\/wp\/v2\/pages\/13\/revisions\/576"}],"wp:attachment":[{"href":"https:\/\/wwwdev.itstil.se\/index.php?rest_route=%2Fwp%2Fv2%2Fmedia&parent=13"}],"curies":[{"name":"wp","href":"https:\/\/api.w.org\/{rel}","templated":true}]}}